{"id":167,"date":"2023-02-25T15:55:59","date_gmt":"2023-02-25T15:55:59","guid":{"rendered":"https:\/\/planum.gt\/?page_id=167"},"modified":"2023-02-26T16:26:52","modified_gmt":"2023-02-26T16:26:52","slug":"business-resilience","status":"publish","type":"page","link":"https:\/\/planum.gt\/en\/business-resilience\/","title":{"rendered":"Business Resilience"},"content":{"rendered":"<div data-elementor-type=\"wp-page\" data-elementor-id=\"167\" class=\"elementor elementor-167\" data-elementor-post-type=\"page\">\n\t\t\t\t\t\t<section class=\"elementor-section elementor-top-section elementor-element elementor-element-cd1a529 elementor-section-full_width elementor-section-height-default elementor-section-height-default\" data-id=\"cd1a529\" data-element_type=\"section\" data-settings=\"{&quot;background_background&quot;:&quot;gradient&quot;}\">\n\t\t\t\t\t\t<div class=\"elementor-container elementor-column-gap-default\">\n\t\t\t\t\t<div class=\"elementor-column elementor-col-50 elementor-top-column elementor-element elementor-element-2141e850\" data-id=\"2141e850\" data-element_type=\"column\" data-settings=\"{&quot;background_background&quot;:&quot;classic&quot;}\">\n\t\t\t<div class=\"elementor-widget-wrap elementor-element-populated\">\n\t\t\t\t\t<div class=\"elementor-background-overlay\"><\/div>\n\t\t\t\t\t\t<div class=\"elementor-element elementor-element-3a73bf2 elementor-widget elementor-widget-heading\" data-id=\"3a73bf2\" data-element_type=\"widget\" data-widget_type=\"heading.default\">\n\t\t\t\t<div class=\"elementor-widget-container\">\n\t\t\t\t\t<h1 class=\"elementor-heading-title elementor-size-default\">BUSINESS RESILIENCE<\/h1>\t\t\t\t<\/div>\n\t\t\t\t<\/div>\n\t\t\t\t\t<\/div>\n\t\t<\/div>\n\t\t\t\t<div class=\"elementor-column elementor-col-50 elementor-top-column elementor-element elementor-element-4f7a898 elementor-invisible\" data-id=\"4f7a898\" data-element_type=\"column\" data-settings=\"{&quot;background_background&quot;:&quot;gradient&quot;,&quot;animation&quot;:&quot;fadeInRight&quot;}\">\n\t\t\t<div class=\"elementor-widget-wrap elementor-element-populated\">\n\t\t\t\t\t\t<div class=\"elementor-element elementor-element-48d5ad10 elementor-widget elementor-widget-heading\" data-id=\"48d5ad10\" data-element_type=\"widget\" data-widget_type=\"heading.default\">\n\t\t\t\t<div class=\"elementor-widget-container\">\n\t\t\t\t\t<h3 class=\"elementor-heading-title elementor-size-default\">Business Resilience in Uncertain Times<\/h3>\t\t\t\t<\/div>\n\t\t\t\t<\/div>\n\t\t\t\t<div class=\"elementor-element elementor-element-4d609ce6 elementor-widget elementor-widget-text-editor\" data-id=\"4d609ce6\" data-element_type=\"widget\" data-widget_type=\"text-editor.default\">\n\t\t\t\t<div class=\"elementor-widget-container\">\n\t\t\t\t\t\t\t\t\t<p>The most successful leaders in volatile times turn uncertainty into opportunity and activate positive, resilient, and competitive strategies for organizational resilience. Whatever your starting point, Planum can help.<\/p>\t\t\t\t\t\t\t\t<\/div>\n\t\t\t\t<\/div>\n\t\t\t\t<div class=\"elementor-element elementor-element-39d6bc2 elementor-icon-list--layout-traditional elementor-list-item-link-full_width elementor-widget elementor-widget-icon-list\" data-id=\"39d6bc2\" data-element_type=\"widget\" data-widget_type=\"icon-list.default\">\n\t\t\t\t<div class=\"elementor-widget-container\">\n\t\t\t\t\t\t\t<ul class=\"elementor-icon-list-items\">\n\t\t\t\t\t\t\t<li class=\"elementor-icon-list-item\">\n\t\t\t\t\t\t\t\t\t\t\t<a href=\"https:\/\/planum.gt\/en\/consulting-solutions\/\">\n\n\t\t\t\t\t\t\t\t\t\t\t\t<span class=\"elementor-icon-list-icon\">\n\t\t\t\t\t\t\t<i aria-hidden=\"true\" class=\"far fa-arrow-alt-circle-right\"><\/i>\t\t\t\t\t\t<\/span>\n\t\t\t\t\t\t\t\t\t\t<span class=\"elementor-icon-list-text\">See how Planum Helps the Industry<\/span>\n\t\t\t\t\t\t\t\t\t\t\t<\/a>\n\t\t\t\t\t\t\t\t\t<\/li>\n\t\t\t\t\t\t<\/ul>\n\t\t\t\t\t\t<\/div>\n\t\t\t\t<\/div>\n\t\t\t\t\t<\/div>\n\t\t<\/div>\n\t\t\t\t\t<\/div>\n\t\t<\/section>\n\t\t\t\t<section class=\"elementor-section elementor-top-section elementor-element elementor-element-34715acc elementor-section-boxed elementor-section-height-default elementor-section-height-default\" data-id=\"34715acc\" data-element_type=\"section\">\n\t\t\t\t\t\t<div class=\"elementor-container elementor-column-gap-default\">\n\t\t\t\t\t<div class=\"elementor-column elementor-col-33 elementor-top-column elementor-element elementor-element-48b7c51c\" data-id=\"48b7c51c\" data-element_type=\"column\">\n\t\t\t<div class=\"elementor-widget-wrap elementor-element-populated\">\n\t\t\t\t\t\t<div class=\"elementor-element elementor-element-5f7f646b elementor-invisible elementor-widget elementor-widget-image\" data-id=\"5f7f646b\" data-element_type=\"widget\" data-settings=\"{&quot;_animation&quot;:&quot;fadeInLeft&quot;,&quot;_animation_delay&quot;:300}\" data-widget_type=\"image.default\">\n\t\t\t\t<div class=\"elementor-widget-container\">\n\t\t\t\t\t\t\t\t\t\t\t\t\t\t\t<img decoding=\"async\" src=\"https:\/\/planum.gt\/wp-content\/uploads\/elementor\/thumbs\/executive-business-woman-team-brainstorming-on-meeting-to-conference-planning-investment-project-q2p7ocb2uff3l3aj6jyt32ri4vs6h0m1mff2mfpj1c.jpg\" title=\"Executive business woman team brainstorming on meeting to conference planning investment project\" alt=\"Executive business woman team brainstorming on meeting to conference planning investment project\" loading=\"lazy\" \/>\t\t\t\t\t\t\t\t\t\t\t\t\t\t\t<\/div>\n\t\t\t\t<\/div>\n\t\t\t\t\t<\/div>\n\t\t<\/div>\n\t\t\t\t<div class=\"elementor-column elementor-col-66 elementor-top-column elementor-element elementor-element-2a63e5e0\" data-id=\"2a63e5e0\" data-element_type=\"column\">\n\t\t\t<div class=\"elementor-widget-wrap elementor-element-populated\">\n\t\t\t\t\t\t<div class=\"elementor-element elementor-element-3ee7060a elementor-widget elementor-widget-text-editor\" data-id=\"3ee7060a\" data-element_type=\"widget\" data-widget_type=\"text-editor.default\">\n\t\t\t\t<div class=\"elementor-widget-container\">\n\t\t\t\t\t\t\t\t\t<p>Business resilience, the ability to absorb stress, restore critical functions, and thrive under changing conditions, is a key indicator of overall organizational health.<\/p>\t\t\t\t\t\t\t\t<\/div>\n\t\t\t\t<\/div>\n\t\t\t\t<div class=\"elementor-element elementor-element-6a90874d elementor-widget-divider--view-line elementor-invisible elementor-widget elementor-widget-divider\" data-id=\"6a90874d\" data-element_type=\"widget\" data-settings=\"{&quot;_animation&quot;:&quot;fadeInLeft&quot;}\" data-widget_type=\"divider.default\">\n\t\t\t\t<div class=\"elementor-widget-container\">\n\t\t\t\t\t\t\t<div class=\"elementor-divider\">\n\t\t\t<span class=\"elementor-divider-separator\">\n\t\t\t\t\t\t<\/span>\n\t\t<\/div>\n\t\t\t\t\t\t<\/div>\n\t\t\t\t<\/div>\n\t\t\t\t<div class=\"elementor-element elementor-element-8a6f0b5 elementor-widget elementor-widget-text-editor\" data-id=\"8a6f0b5\" data-element_type=\"widget\" data-widget_type=\"text-editor.default\">\n\t\t\t\t<div class=\"elementor-widget-container\">\n\t\t\t\t\t\t\t\t\t<p>Resilient companies outperform their peers in three ways: less impact on performance from external shocks, faster recovery, and greater scale of recovery.<\/p><p>Recession and turmoil are inevitable. Whether companies lose momentum or\u2014preferably\u2014adapt and advance comes down to one thing: business resiliency.<\/p>\t\t\t\t\t\t\t\t<\/div>\n\t\t\t\t<\/div>\n\t\t\t\t\t<\/div>\n\t\t<\/div>\n\t\t\t\t\t<\/div>\n\t\t<\/section>\n\t\t\t\t<section class=\"elementor-section elementor-top-section elementor-element elementor-element-75512dad elementor-section-boxed elementor-section-height-default elementor-section-height-default\" data-id=\"75512dad\" data-element_type=\"section\" data-settings=\"{&quot;background_background&quot;:&quot;gradient&quot;}\">\n\t\t\t\t\t\t<div class=\"elementor-container elementor-column-gap-default\">\n\t\t\t\t\t<div class=\"elementor-column elementor-col-50 elementor-top-column elementor-element elementor-element-779fed92\" data-id=\"779fed92\" data-element_type=\"column\">\n\t\t\t<div class=\"elementor-widget-wrap elementor-element-populated\">\n\t\t\t\t\t\t<div class=\"elementor-element elementor-element-64b79e6f elementor-widget elementor-widget-heading\" data-id=\"64b79e6f\" data-element_type=\"widget\" data-widget_type=\"heading.default\">\n\t\t\t\t<div class=\"elementor-widget-container\">\n\t\t\t\t\t<h3 class=\"elementor-heading-title elementor-size-default\">Planum\u2019s Approach<\/h3>\t\t\t\t<\/div>\n\t\t\t\t<\/div>\n\t\t\t\t<div class=\"elementor-element elementor-element-457bed9d elementor-widget-divider--view-line elementor-invisible elementor-widget elementor-widget-divider\" data-id=\"457bed9d\" data-element_type=\"widget\" data-settings=\"{&quot;_animation&quot;:&quot;fadeInLeft&quot;}\" data-widget_type=\"divider.default\">\n\t\t\t\t<div class=\"elementor-widget-container\">\n\t\t\t\t\t\t\t<div class=\"elementor-divider\">\n\t\t\t<span class=\"elementor-divider-separator\">\n\t\t\t\t\t\t<\/span>\n\t\t<\/div>\n\t\t\t\t\t\t<\/div>\n\t\t\t\t<\/div>\n\t\t\t\t<div class=\"elementor-element elementor-element-767a826 elementor-widget elementor-widget-image\" data-id=\"767a826\" data-element_type=\"widget\" data-widget_type=\"image.default\">\n\t\t\t\t<div class=\"elementor-widget-container\">\n\t\t\t\t\t\t\t\t\t\t\t\t\t\t\t<img fetchpriority=\"high\" decoding=\"async\" width=\"800\" height=\"513\" src=\"https:\/\/planum.gt\/wp-content\/uploads\/2023\/02\/meeting-in-session-shot-of-a-business-meeting-on-the-go--1024x656.jpg\" class=\"attachment-large size-large wp-image-435\" alt=\"Meeting in session. Shot of a business meeting on the go.\" srcset=\"https:\/\/planum.gt\/wp-content\/uploads\/2023\/02\/meeting-in-session-shot-of-a-business-meeting-on-the-go--1024x656.jpg 1024w, https:\/\/planum.gt\/wp-content\/uploads\/2023\/02\/meeting-in-session-shot-of-a-business-meeting-on-the-go--300x192.jpg 300w, https:\/\/planum.gt\/wp-content\/uploads\/2023\/02\/meeting-in-session-shot-of-a-business-meeting-on-the-go--768x492.jpg 768w, https:\/\/planum.gt\/wp-content\/uploads\/2023\/02\/meeting-in-session-shot-of-a-business-meeting-on-the-go--1536x984.jpg 1536w, https:\/\/planum.gt\/wp-content\/uploads\/2023\/02\/meeting-in-session-shot-of-a-business-meeting-on-the-go--18x12.jpg 18w, https:\/\/planum.gt\/wp-content\/uploads\/2023\/02\/meeting-in-session-shot-of-a-business-meeting-on-the-go-.jpg 2000w\" sizes=\"(max-width: 800px) 100vw, 800px\" \/>\t\t\t\t\t\t\t\t\t\t\t\t\t\t\t<\/div>\n\t\t\t\t<\/div>\n\t\t\t\t\t<\/div>\n\t\t<\/div>\n\t\t\t\t<div class=\"elementor-column elementor-col-50 elementor-top-column elementor-element elementor-element-207eab14 elementor-invisible\" data-id=\"207eab14\" data-element_type=\"column\" data-settings=\"{&quot;animation&quot;:&quot;fadeInRight&quot;,&quot;animation_delay&quot;:300}\">\n\t\t\t<div class=\"elementor-widget-wrap elementor-element-populated\">\n\t\t\t\t\t\t<div class=\"elementor-element elementor-element-485e1f6a elementor-widget elementor-widget-toggle\" data-id=\"485e1f6a\" data-element_type=\"widget\" data-widget_type=\"toggle.default\">\n\t\t\t\t<div class=\"elementor-widget-container\">\n\t\t\t\t\t\t\t<div class=\"elementor-toggle\">\n\t\t\t\t\t\t\t<div class=\"elementor-toggle-item\">\n\t\t\t\t\t<h4 id=\"elementor-tab-title-1211\" class=\"elementor-tab-title\" data-tab=\"1\" role=\"button\" aria-controls=\"elementor-tab-content-1211\" aria-expanded=\"false\">\n\t\t\t\t\t\t\t\t\t\t\t\t<span class=\"elementor-toggle-icon elementor-toggle-icon-right\" aria-hidden=\"true\">\n\t\t\t\t\t\t\t\t\t\t\t\t\t\t\t<span class=\"elementor-toggle-icon-closed\"><i class=\"fas fa-angle-down\"><\/i><\/span>\n\t\t\t\t\t\t\t\t<span class=\"elementor-toggle-icon-opened\"><i class=\"elementor-toggle-icon-opened fas fa-angle-up\"><\/i><\/span>\n\t\t\t\t\t\t\t\t\t\t\t\t\t<\/span>\n\t\t\t\t\t\t\t\t\t\t\t\t<a class=\"elementor-toggle-title\" tabindex=\"0\">How Our Business Resilience Framework Can Help<\/a>\n\t\t\t\t\t<\/h4>\n\n\t\t\t\t\t<div id=\"elementor-tab-content-1211\" class=\"elementor-tab-content elementor-clearfix\" data-tab=\"1\" role=\"region\" aria-labelledby=\"elementor-tab-title-1211\"><p>No two resilience journeys are the same, with each path forward individually based on region and industry, so Planum\u2019s business resilience consulting experts help leaders recognize their starting points and guide them each step of the way. Our business resilience framework\u2014sense, adapt, thrive, and transform\u2014equips leaders managing uncertainty with a head-on strategy and a more long-term approach to business resilience planning.<\/p><p>\u00a0<\/p><p>Planum\u2019s sense, adapt, thrive, and transform approach is a dynamic strategy mindset that helps leaders chart their course for the future and build a more resilient enterprise, no matter their starting point. Our business resilience consulting teams help companies reinforce their positions and create functional advantage, even at times of disruption.<\/p><\/div>\n\t\t\t\t<\/div>\n\t\t\t\t\t\t\t\t\t\t<script type=\"application\/ld+json\">{\"@context\":\"https:\\\/\\\/schema.org\",\"@type\":\"FAQPage\",\"mainEntity\":[{\"@type\":\"Question\",\"name\":\"C\\u00f3mo puede ayudar nuestro marco de resiliencia empresarial\",\"acceptedAnswer\":{\"@type\":\"Answer\",\"text\":\"<p>No hay dos viajes de resiliencia iguales, con cada camino a seguir individualmente basado en la regi\\u00f3n y la industria, los expertos en consultor\\u00eda de resiliencia empresarial de Planum ayudan a los l\\u00edderes a reconocer sus puntos de partida y guiarlos en cada paso del camino. Nuestro marco de resiliencia empresarial (detectar, adaptar, prosperar y transformar) equipa a los l\\u00edderes que gestionan la incertidumbre con una estrategia frontal y un enfoque a m\\u00e1s largo plazo para la planificaci\\u00f3n de la resiliencia empresarial.<\\\/p><p>\\u00a0<\\\/p><p>El enfoque de sentido, adaptaci\\u00f3n, prosperidad y transformaci\\u00f3n de Planum es una mentalidad de estrategia din\\u00e1mica que ayuda a los l\\u00edderes a trazar su curso para el futuro y construir una empresa m\\u00e1s resistente, sin importar su punto de partida. Nuestros equipos de consultor\\u00eda de resiliencia empresarial ayudan a las empresas a reforzar sus posiciones y crear ventajas funcionales, incluso en momentos de disrupci\\u00f3n.<\\\/p>\"}}]}<\/script>\n\t\t\t\t\t<\/div>\n\t\t\t\t\t\t<\/div>\n\t\t\t\t<\/div>\n\t\t\t\t<div class=\"elementor-element elementor-element-339f919 elementor-widget elementor-widget-button\" data-id=\"339f919\" data-element_type=\"widget\" data-widget_type=\"button.default\">\n\t\t\t\t<div class=\"elementor-widget-container\">\n\t\t\t\t\t\t\t\t\t<div class=\"elementor-button-wrapper\">\n\t\t\t\t\t<a class=\"elementor-button elementor-button-link elementor-size-sm\" href=\"https:\/\/planum.gt\/en\/contacto\/\">\n\t\t\t\t\t\t<span class=\"elementor-button-content-wrapper\">\n\t\t\t\t\t\t\t\t\t<span class=\"elementor-button-text\">Request a Quote<\/span>\n\t\t\t\t\t<\/span>\n\t\t\t\t\t<\/a>\n\t\t\t\t<\/div>\n\t\t\t\t\t\t\t\t<\/div>\n\t\t\t\t<\/div>\n\t\t\t\t\t<\/div>\n\t\t<\/div>\n\t\t\t\t\t<\/div>\n\t\t<\/section>\n\t\t\t\t<\/div>","protected":false},"excerpt":{"rendered":"<p>RESILIENCIA DEL NEGOCIO Resiliencia empresarial en tiempos de incertidumbre Los l\u00edderes m\u00e1s exitosos en tiempos vol\u00e1tiles convierten la incertidumbre en oportunidad y activan estrategias positivas, resilientes y competitivas para la resiliencia organizacional. Sea cual sea su punto de partida, Planum puede ayudarle. Descubra c\u00f3mo Planum ayuda a la industria La resiliencia empresarial, la capacidad de [&hellip;]<\/p>","protected":false},"author":3,"featured_media":0,"parent":0,"menu_order":0,"comment_status":"closed","ping_status":"closed","template":"elementor_header_footer","meta":{"_eb_attr":"","footnotes":""},"class_list":["post-167","page","type-page","status-publish","hentry"],"_links":{"self":[{"href":"https:\/\/planum.gt\/en\/wp-json\/wp\/v2\/pages\/167","targetHints":{"allow":["GET"]}}],"collection":[{"href":"https:\/\/planum.gt\/en\/wp-json\/wp\/v2\/pages"}],"about":[{"href":"https:\/\/planum.gt\/en\/wp-json\/wp\/v2\/types\/page"}],"author":[{"embeddable":true,"href":"https:\/\/planum.gt\/en\/wp-json\/wp\/v2\/users\/3"}],"replies":[{"embeddable":true,"href":"https:\/\/planum.gt\/en\/wp-json\/wp\/v2\/comments?post=167"}],"version-history":[{"count":40,"href":"https:\/\/planum.gt\/en\/wp-json\/wp\/v2\/pages\/167\/revisions"}],"predecessor-version":[{"id":616,"href":"https:\/\/planum.gt\/en\/wp-json\/wp\/v2\/pages\/167\/revisions\/616"}],"wp:attachment":[{"href":"https:\/\/planum.gt\/en\/wp-json\/wp\/v2\/media?parent=167"}],"curies":[{"name":"wp","href":"https:\/\/api.w.org\/{rel}","templated":true}]}}