{"id":165,"date":"2023-02-25T15:55:38","date_gmt":"2023-02-25T15:55:38","guid":{"rendered":"https:\/\/planum.gt\/?page_id=165"},"modified":"2023-02-26T17:38:08","modified_gmt":"2023-02-26T17:38:08","slug":"insurance","status":"publish","type":"page","link":"https:\/\/planum.gt\/en\/insurance\/","title":{"rendered":"Insurance"},"content":{"rendered":"<div data-elementor-type=\"wp-page\" data-elementor-id=\"165\" class=\"elementor elementor-165\" data-elementor-post-type=\"page\">\n\t\t\t\t\t\t<section class=\"elementor-section elementor-top-section elementor-element elementor-element-389f80d3 elementor-section-full_width elementor-section-height-default elementor-section-height-default\" data-id=\"389f80d3\" data-element_type=\"section\" data-settings=\"{&quot;background_background&quot;:&quot;gradient&quot;}\">\n\t\t\t\t\t\t<div class=\"elementor-container elementor-column-gap-default\">\n\t\t\t\t\t<div class=\"elementor-column elementor-col-50 elementor-top-column elementor-element elementor-element-1f6625bc\" data-id=\"1f6625bc\" data-element_type=\"column\" data-settings=\"{&quot;background_background&quot;:&quot;classic&quot;}\">\n\t\t\t<div class=\"elementor-widget-wrap elementor-element-populated\">\n\t\t\t\t\t<div class=\"elementor-background-overlay\"><\/div>\n\t\t\t\t\t\t\t<\/div>\n\t\t<\/div>\n\t\t\t\t<div class=\"elementor-column elementor-col-50 elementor-top-column elementor-element elementor-element-4198178c elementor-invisible\" data-id=\"4198178c\" data-element_type=\"column\" data-settings=\"{&quot;background_background&quot;:&quot;gradient&quot;,&quot;animation&quot;:&quot;fadeInRight&quot;}\">\n\t\t\t<div class=\"elementor-widget-wrap elementor-element-populated\">\n\t\t\t\t\t\t<div class=\"elementor-element elementor-element-6bd2b154 elementor-widget elementor-widget-heading\" data-id=\"6bd2b154\" data-element_type=\"widget\" data-widget_type=\"heading.default\">\n\t\t\t\t<div class=\"elementor-widget-container\">\n\t\t\t\t\t<h3 class=\"elementor-heading-title elementor-size-default\">Leading insurers in the digital age will never replace humans. <\/h3>\t\t\t\t<\/div>\n\t\t\t\t<\/div>\n\t\t\t\t<div class=\"elementor-element elementor-element-4942173c elementor-widget elementor-widget-text-editor\" data-id=\"4942173c\" data-element_type=\"widget\" data-widget_type=\"text-editor.default\">\n\t\t\t\t<div class=\"elementor-widget-container\">\n\t\t\t\t\t\t\t\t\t<p>Services for the insurance industry:<\/p><ul><li>Life insurance<\/li><li>Non-life insurance<\/li><li>Payers, Healthcare Providers, Healthcare Providers<\/li><li>Reinsurance<\/li><li>Bank Teller<\/li><li>Underwriting<\/li><li>Insurance Transformation<\/li><\/ul>\t\t\t\t\t\t\t\t<\/div>\n\t\t\t\t<\/div>\n\t\t\t\t\t<\/div>\n\t\t<\/div>\n\t\t\t\t\t<\/div>\n\t\t<\/section>\n\t\t\t\t<section class=\"elementor-section elementor-top-section elementor-element elementor-element-5843a87d elementor-section-boxed elementor-section-height-default elementor-section-height-default\" data-id=\"5843a87d\" data-element_type=\"section\" data-settings=\"{&quot;background_background&quot;:&quot;classic&quot;}\">\n\t\t\t\t\t\t\t<div class=\"elementor-background-overlay\"><\/div>\n\t\t\t\t\t\t\t<div class=\"elementor-container elementor-column-gap-default\">\n\t\t\t\t\t<div class=\"elementor-column elementor-col-100 elementor-top-column elementor-element elementor-element-1a5a2e3e\" data-id=\"1a5a2e3e\" data-element_type=\"column\">\n\t\t\t<div class=\"elementor-widget-wrap elementor-element-populated\">\n\t\t\t\t\t\t<div class=\"elementor-element elementor-element-39531fa8 elementor-widget elementor-widget-text-editor\" data-id=\"39531fa8\" data-element_type=\"widget\" data-widget_type=\"text-editor.default\">\n\t\t\t\t<div class=\"elementor-widget-container\">\n\t\t\t\t\t\t\t\t\t<p>In today's insurance industry, digital innovation in insurance, analytics, artificial intelligence, and deep customer understanding are no longer options.<\/p>\t\t\t\t\t\t\t\t<\/div>\n\t\t\t\t<\/div>\n\t\t\t\t<div class=\"elementor-element elementor-element-1bca4dcf elementor-widget-divider--view-line elementor-invisible elementor-widget elementor-widget-divider\" data-id=\"1bca4dcf\" data-element_type=\"widget\" data-settings=\"{&quot;_animation&quot;:&quot;fadeInLeft&quot;}\" data-widget_type=\"divider.default\">\n\t\t\t\t<div class=\"elementor-widget-container\">\n\t\t\t\t\t\t\t<div class=\"elementor-divider\">\n\t\t\t<span class=\"elementor-divider-separator\">\n\t\t\t\t\t\t<\/span>\n\t\t<\/div>\n\t\t\t\t\t\t<\/div>\n\t\t\t\t<\/div>\n\t\t\t\t<div class=\"elementor-element elementor-element-3eac8d0 elementor-widget elementor-widget-text-editor\" data-id=\"3eac8d0\" data-element_type=\"widget\" data-widget_type=\"text-editor.default\">\n\t\t\t\t<div class=\"elementor-widget-container\">\n\t\t\t\t\t\t\t\t\t<p>Instead, insurance industry leaders interweave technology, people, and process. Planum's insurance advisory team helps clients innovate every step of the way.<\/p><p>Customers expect their insurers to respond faster, better, and more personally. To meet these expectations, insurers must combine people and technology to drive efficiency, innovation, customer satisfaction, and growth.<\/p>\t\t\t\t\t\t\t\t<\/div>\n\t\t\t\t<\/div>\n\t\t\t\t\t<\/div>\n\t\t<\/div>\n\t\t\t\t\t<\/div>\n\t\t<\/section>\n\t\t\t\t<section class=\"elementor-section elementor-top-section elementor-element elementor-element-4ca3ac92 elementor-section-boxed elementor-section-height-default elementor-section-height-default\" data-id=\"4ca3ac92\" data-element_type=\"section\" data-settings=\"{&quot;background_background&quot;:&quot;gradient&quot;}\">\n\t\t\t\t\t\t<div class=\"elementor-container elementor-column-gap-default\">\n\t\t\t\t\t<div class=\"elementor-column elementor-col-100 elementor-top-column elementor-element elementor-element-17bc2d58\" data-id=\"17bc2d58\" data-element_type=\"column\">\n\t\t\t<div class=\"elementor-widget-wrap elementor-element-populated\">\n\t\t\t\t\t\t<section class=\"elementor-section elementor-inner-section elementor-element elementor-element-4c0fe169 elementor-section-boxed elementor-section-height-default elementor-section-height-default\" data-id=\"4c0fe169\" data-element_type=\"section\">\n\t\t\t\t\t\t<div class=\"elementor-container elementor-column-gap-default\">\n\t\t\t\t\t<div class=\"elementor-column elementor-col-50 elementor-inner-column elementor-element elementor-element-752e53b5\" data-id=\"752e53b5\" data-element_type=\"column\">\n\t\t\t<div class=\"elementor-widget-wrap elementor-element-populated\">\n\t\t\t\t\t\t<div class=\"elementor-element elementor-element-31f10b47 elementor-invisible elementor-widget elementor-widget-image\" data-id=\"31f10b47\" data-element_type=\"widget\" data-settings=\"{&quot;_animation&quot;:&quot;fadeInLeft&quot;}\" data-widget_type=\"image.default\">\n\t\t\t\t<div class=\"elementor-widget-container\">\n\t\t\t\t\t\t\t\t\t\t\t\t\t\t\t<img decoding=\"async\" src=\"https:\/\/planum.gt\/wp-content\/uploads\/elementor\/thumbs\/female-doctor-showing-insurance-claim-form-to-man-in-office-q2p5nc6ehd4ixr0nn4e3s2zgtltz2d4pqmj57f0mj4.jpg\" title=\"female doctor showing insurance claim form to man in office\" alt=\"female doctor showing insurance claim form to man in office\" loading=\"lazy\" \/>\t\t\t\t\t\t\t\t\t\t\t\t\t\t\t<\/div>\n\t\t\t\t<\/div>\n\t\t\t\t\t<\/div>\n\t\t<\/div>\n\t\t\t\t<div class=\"elementor-column elementor-col-50 elementor-inner-column elementor-element elementor-element-66aecc15\" data-id=\"66aecc15\" data-element_type=\"column\">\n\t\t\t<div class=\"elementor-widget-wrap elementor-element-populated\">\n\t\t\t\t\t\t<div class=\"elementor-element elementor-element-60f0d28b elementor-widget elementor-widget-heading\" data-id=\"60f0d28b\" data-element_type=\"widget\" data-widget_type=\"heading.default\">\n\t\t\t\t<div class=\"elementor-widget-container\">\n\t\t\t\t\t<h3 class=\"elementor-heading-title elementor-size-default\">How We Support the Insurance Industry<\/h3>\t\t\t\t<\/div>\n\t\t\t\t<\/div>\n\t\t\t\t<div class=\"elementor-element elementor-element-20010dd elementor-widget elementor-widget-text-editor\" data-id=\"20010dd\" data-element_type=\"widget\" data-widget_type=\"text-editor.default\">\n\t\t\t\t<div class=\"elementor-widget-container\">\n\t\t\t\t\t\t\t\t\t<p>The insurance industry is one of the least digitally mature industries. How can insurers close the gap and better serve their customers?<\/p><p>The key is not just using technology for insurance but using the right instruments in the right ways. To help insurers do this, we combine our expertise in insurance consulting with our deep knowledge of new technologies and approaches.<\/p><p>\u00a0<\/p>\t\t\t\t\t\t\t\t<\/div>\n\t\t\t\t<\/div>\n\t\t\t\t<div class=\"elementor-element elementor-element-496be2f7 elementor-widget-divider--view-line elementor-invisible elementor-widget elementor-widget-divider\" data-id=\"496be2f7\" data-element_type=\"widget\" data-settings=\"{&quot;_animation&quot;:&quot;fadeInRight&quot;,&quot;_animation_delay&quot;:300}\" data-widget_type=\"divider.default\">\n\t\t\t\t<div class=\"elementor-widget-container\">\n\t\t\t\t\t\t\t<div class=\"elementor-divider\">\n\t\t\t<span class=\"elementor-divider-separator\">\n\t\t\t\t\t\t<\/span>\n\t\t<\/div>\n\t\t\t\t\t\t<\/div>\n\t\t\t\t<\/div>\n\t\t\t\t<div class=\"elementor-element elementor-element-5890cb8d elementor-widget elementor-widget-text-editor\" data-id=\"5890cb8d\" data-element_type=\"widget\" data-widget_type=\"text-editor.default\">\n\t\t\t\t<div class=\"elementor-widget-container\">\n\t\t\t\t\t\t\t\t\t<p>The most important measures are:<\/p><p><strong>Value creation and growth.<\/strong> In an industry often seen as slow and complacent, investors are reacting to the bold move. We help insurers identify strategic partnership deals, technology investments, and M&amp;A deals that drive growth.<\/p><p><strong>Customer-focused. <\/strong>We help insurers redesign the customer journey from the customer's perspective to improve response times and quality and provide seamless interactions, greater transparency, and personalized service.<\/p><p><strong>Downcycle management.<\/strong> As we have seen in previous recessions, those who adopt a positive mindset can be the winners. Our industry experts partner with Planum's transformation consultants to create short-term impact and drive long-term insurance transformation.<\/p><p><strong>System migration.<\/strong> Traditional IT systems, the staple of the insurance industry, are ill-equipped for digital services and end-to-end customer journeys. We help insurers modernize their tech stack without starting from scratch.<\/p>\t\t\t\t\t\t\t\t<\/div>\n\t\t\t\t<\/div>\n\t\t\t\t<div class=\"elementor-element elementor-element-7443752c elementor-widget-divider--view-line elementor-invisible elementor-widget elementor-widget-divider\" data-id=\"7443752c\" data-element_type=\"widget\" data-settings=\"{&quot;_animation&quot;:&quot;fadeInRight&quot;,&quot;_animation_delay&quot;:600}\" data-widget_type=\"divider.default\">\n\t\t\t\t<div class=\"elementor-widget-container\">\n\t\t\t\t\t\t\t<div class=\"elementor-divider\">\n\t\t\t<span class=\"elementor-divider-separator\">\n\t\t\t\t\t\t<\/span>\n\t\t<\/div>\n\t\t\t\t\t\t<\/div>\n\t\t\t\t<\/div>\n\t\t\t\t\t<\/div>\n\t\t<\/div>\n\t\t\t\t\t<\/div>\n\t\t<\/section>\n\t\t\t\t\t<\/div>\n\t\t<\/div>\n\t\t\t\t\t<\/div>\n\t\t<\/section>\n\t\t\t\t<\/div>","protected":false},"excerpt":{"rendered":"<p>Las aseguradoras l\u00edderes en la era digital nunca reemplazar\u00e1n a los humanos. Servicios para la industria de seguros: Seguro de vida Seguro distinto del seguro de vida Pagadores, proveedores de atenci\u00f3n m\u00e9dica, proveedores de atenci\u00f3n m\u00e9dica Reaseguro Cajero Suscripci\u00f3n Transformaci\u00f3n de seguros En la industria de seguros actual, la innovaci\u00f3n digital en seguros, an\u00e1lisis, inteligencia [&hellip;]<\/p>","protected":false},"author":3,"featured_media":0,"parent":0,"menu_order":0,"comment_status":"closed","ping_status":"closed","template":"elementor_header_footer","meta":{"_eb_attr":"","footnotes":""},"class_list":["post-165","page","type-page","status-publish","hentry"],"_links":{"self":[{"href":"https:\/\/planum.gt\/en\/wp-json\/wp\/v2\/pages\/165","targetHints":{"allow":["GET"]}}],"collection":[{"href":"https:\/\/planum.gt\/en\/wp-json\/wp\/v2\/pages"}],"about":[{"href":"https:\/\/planum.gt\/en\/wp-json\/wp\/v2\/types\/page"}],"author":[{"embeddable":true,"href":"https:\/\/planum.gt\/en\/wp-json\/wp\/v2\/users\/3"}],"replies":[{"embeddable":true,"href":"https:\/\/planum.gt\/en\/wp-json\/wp\/v2\/comments?post=165"}],"version-history":[{"count":10,"href":"https:\/\/planum.gt\/en\/wp-json\/wp\/v2\/pages\/165\/revisions"}],"predecessor-version":[{"id":625,"href":"https:\/\/planum.gt\/en\/wp-json\/wp\/v2\/pages\/165\/revisions\/625"}],"wp:attachment":[{"href":"https:\/\/planum.gt\/en\/wp-json\/wp\/v2\/media?parent=165"}],"curies":[{"name":"wp","href":"https:\/\/api.w.org\/{rel}","templated":true}]}}