{"id":163,"date":"2023-02-25T15:55:29","date_gmt":"2023-02-25T15:55:29","guid":{"rendered":"https:\/\/planum.gt\/?page_id=163"},"modified":"2023-02-26T17:36:37","modified_gmt":"2023-02-26T17:36:37","slug":"healthcare","status":"publish","type":"page","link":"https:\/\/planum.gt\/en\/healthcare\/","title":{"rendered":"Healthcare"},"content":{"rendered":"<div data-elementor-type=\"wp-page\" data-elementor-id=\"163\" class=\"elementor elementor-163\" data-elementor-post-type=\"page\">\n\t\t\t\t\t\t<section class=\"elementor-section elementor-top-section elementor-element elementor-element-c2b57d8 elementor-section-full_width elementor-section-height-default elementor-section-height-default\" data-id=\"c2b57d8\" data-element_type=\"section\" data-settings=\"{&quot;background_background&quot;:&quot;gradient&quot;}\">\n\t\t\t\t\t\t<div class=\"elementor-container elementor-column-gap-default\">\n\t\t\t\t\t<div class=\"elementor-column elementor-col-50 elementor-top-column elementor-element elementor-element-3757fd89\" data-id=\"3757fd89\" data-element_type=\"column\" data-settings=\"{&quot;background_background&quot;:&quot;classic&quot;}\">\n\t\t\t<div class=\"elementor-widget-wrap elementor-element-populated\">\n\t\t\t\t\t<div class=\"elementor-background-overlay\"><\/div>\n\t\t\t\t\t\t\t<\/div>\n\t\t<\/div>\n\t\t\t\t<div class=\"elementor-column elementor-col-50 elementor-top-column elementor-element elementor-element-2b2b3b03 elementor-invisible\" data-id=\"2b2b3b03\" data-element_type=\"column\" data-settings=\"{&quot;background_background&quot;:&quot;gradient&quot;,&quot;animation&quot;:&quot;fadeInRight&quot;}\">\n\t\t\t<div class=\"elementor-widget-wrap elementor-element-populated\">\n\t\t\t\t\t\t<div class=\"elementor-element elementor-element-425ee9e6 elementor-widget elementor-widget-heading\" data-id=\"425ee9e6\" data-element_type=\"widget\" data-widget_type=\"heading.default\">\n\t\t\t\t<div class=\"elementor-widget-container\">\n\t\t\t\t\t<h3 class=\"elementor-heading-title elementor-size-default\">Major changes are reshaping healthcare, including breakthroughs in digital health, the emergence of new therapies, and the rise of personalized and value-based care. <\/h3>\t\t\t\t<\/div>\n\t\t\t\t<\/div>\n\t\t\t\t<div class=\"elementor-element elementor-element-63bddf2 elementor-widget elementor-widget-text-editor\" data-id=\"63bddf2\" data-element_type=\"widget\" data-widget_type=\"text-editor.default\">\n\t\t\t\t<div class=\"elementor-widget-container\">\n\t\t\t\t\t\t\t\t\t<p>Our Health Care Industry Services<\/p><ul><li>Biopharma<\/li><li>Health Care Payers, Providers, Systems, and Services<\/li><li>Medical Devices and Technology<\/li><li>Global Health<\/li><\/ul>\t\t\t\t\t\t\t\t<\/div>\n\t\t\t\t<\/div>\n\t\t\t\t\t<\/div>\n\t\t<\/div>\n\t\t\t\t\t<\/div>\n\t\t<\/section>\n\t\t\t\t<section class=\"elementor-section elementor-top-section elementor-element elementor-element-6468faa9 elementor-section-boxed elementor-section-height-default elementor-section-height-default\" data-id=\"6468faa9\" data-element_type=\"section\" data-settings=\"{&quot;background_background&quot;:&quot;classic&quot;}\">\n\t\t\t\t\t\t\t<div class=\"elementor-background-overlay\"><\/div>\n\t\t\t\t\t\t\t<div class=\"elementor-container elementor-column-gap-default\">\n\t\t\t\t\t<div class=\"elementor-column elementor-col-100 elementor-top-column elementor-element elementor-element-21af4f5b\" data-id=\"21af4f5b\" data-element_type=\"column\">\n\t\t\t<div class=\"elementor-widget-wrap elementor-element-populated\">\n\t\t\t\t\t\t<div class=\"elementor-element elementor-element-1337af74 elementor-widget elementor-widget-text-editor\" data-id=\"1337af74\" data-element_type=\"widget\" data-widget_type=\"text-editor.default\">\n\t\t\t\t<div class=\"elementor-widget-container\">\n\t\t\t\t\t\t\t\t\t<p>Planum helps healthcare organizations stay competitive and take action for long-term success.<\/p>\t\t\t\t\t\t\t\t<\/div>\n\t\t\t\t<\/div>\n\t\t\t\t<div class=\"elementor-element elementor-element-68467739 elementor-widget-divider--view-line elementor-invisible elementor-widget elementor-widget-divider\" data-id=\"68467739\" data-element_type=\"widget\" data-settings=\"{&quot;_animation&quot;:&quot;fadeInLeft&quot;}\" data-widget_type=\"divider.default\">\n\t\t\t\t<div class=\"elementor-widget-container\">\n\t\t\t\t\t\t\t<div class=\"elementor-divider\">\n\t\t\t<span class=\"elementor-divider-separator\">\n\t\t\t\t\t\t<\/span>\n\t\t<\/div>\n\t\t\t\t\t\t<\/div>\n\t\t\t\t<\/div>\n\t\t\t\t<div class=\"elementor-element elementor-element-ec7e8f7 elementor-widget elementor-widget-text-editor\" data-id=\"ec7e8f7\" data-element_type=\"widget\" data-widget_type=\"text-editor.default\">\n\t\t\t\t<div class=\"elementor-widget-container\">\n\t\t\t\t\t\t\t\t\t<p>In the face of change, and to thrive in a post-pandemic world, healthcare leaders must rethink their strategies, value propositions, and organizational skills. Our healthcare consulting team helps clients do this by adopting agile ways of working, accelerating innovation, driving digital transformation, developing go-to-market strategies, and driving growth and portfolio strategies through mergers and acquisitions. We help our clients optimize their capabilities through data, digital, and advanced analytics in virtually every engagement.<\/p>\t\t\t\t\t\t\t\t<\/div>\n\t\t\t\t<\/div>\n\t\t\t\t\t<\/div>\n\t\t<\/div>\n\t\t\t\t\t<\/div>\n\t\t<\/section>\n\t\t\t\t<section class=\"elementor-section elementor-top-section elementor-element elementor-element-590f96c2 elementor-section-boxed elementor-section-height-default elementor-section-height-default\" data-id=\"590f96c2\" data-element_type=\"section\" data-settings=\"{&quot;background_background&quot;:&quot;gradient&quot;}\">\n\t\t\t\t\t\t<div class=\"elementor-container elementor-column-gap-default\">\n\t\t\t\t\t<div class=\"elementor-column elementor-col-100 elementor-top-column elementor-element elementor-element-206bc461\" data-id=\"206bc461\" data-element_type=\"column\">\n\t\t\t<div class=\"elementor-widget-wrap elementor-element-populated\">\n\t\t\t\t\t\t<section class=\"elementor-section elementor-inner-section elementor-element elementor-element-61700a7a elementor-section-boxed elementor-section-height-default elementor-section-height-default\" data-id=\"61700a7a\" data-element_type=\"section\">\n\t\t\t\t\t\t<div class=\"elementor-container elementor-column-gap-default\">\n\t\t\t\t\t<div class=\"elementor-column elementor-col-50 elementor-inner-column elementor-element elementor-element-61977296\" data-id=\"61977296\" data-element_type=\"column\">\n\t\t\t<div class=\"elementor-widget-wrap elementor-element-populated\">\n\t\t\t\t\t\t<div class=\"elementor-element elementor-element-6834e881 elementor-invisible elementor-widget elementor-widget-image\" data-id=\"6834e881\" data-element_type=\"widget\" data-settings=\"{&quot;_animation&quot;:&quot;fadeInLeft&quot;}\" data-widget_type=\"image.default\">\n\t\t\t\t<div class=\"elementor-widget-container\">\n\t\t\t\t\t\t\t\t\t\t\t\t\t\t\t<img decoding=\"async\" src=\"https:\/\/planum.gt\/wp-content\/uploads\/elementor\/thumbs\/business-meeting-PHW694U-q2or7rvyt3smxyc3ommf4lv1z37xcxmh0uo1d1hb4k.jpg\" title=\"business-meeting-PHW694U.jpg\" alt=\"business-meeting-PHW694U.jpg\" loading=\"lazy\" \/>\t\t\t\t\t\t\t\t\t\t\t\t\t\t\t<\/div>\n\t\t\t\t<\/div>\n\t\t\t\t<div class=\"elementor-element elementor-element-3c130b2 elementor-widget elementor-widget-text-editor\" data-id=\"3c130b2\" data-element_type=\"widget\" data-widget_type=\"text-editor.default\">\n\t\t\t\t<div class=\"elementor-widget-container\">\n\t\t\t\t\t\t\t\t\t<p><strong>Creating value through strategic mergers and acquisitions, and excellence in post-merger integrations.<\/strong><\/p><p>Accelerating analytics, data, and digital transformation.<\/p><p>Building global health capabilities in many areas, including emergency preparedness, global health security, infectious diseases, epidemics, and pandemics.<\/p><p>Our healthcare consulting experts do this through an unrelenting commitment to innovation, collaboration, and industry-leading expertise. Planum's goal is to make a positive difference in the world for our customers, patients, and society by helping our customers deliver medical breakthroughs, transformative treatments, and transformative patient experiences.<\/p>\t\t\t\t\t\t\t\t<\/div>\n\t\t\t\t<\/div>\n\t\t\t\t\t<\/div>\n\t\t<\/div>\n\t\t\t\t<div class=\"elementor-column elementor-col-50 elementor-inner-column elementor-element elementor-element-6d887132\" data-id=\"6d887132\" data-element_type=\"column\">\n\t\t\t<div class=\"elementor-widget-wrap elementor-element-populated\">\n\t\t\t\t\t\t<div class=\"elementor-element elementor-element-3ab6fc15 elementor-widget elementor-widget-heading\" data-id=\"3ab6fc15\" data-element_type=\"widget\" data-widget_type=\"heading.default\">\n\t\t\t\t<div class=\"elementor-widget-container\">\n\t\t\t\t\t<h3 class=\"elementor-heading-title elementor-size-default\">How We Support Companies in the Health Care Industry<\/h3>\t\t\t\t<\/div>\n\t\t\t\t<\/div>\n\t\t\t\t<div class=\"elementor-element elementor-element-5a360e06 elementor-widget elementor-widget-text-editor\" data-id=\"5a360e06\" data-element_type=\"widget\" data-widget_type=\"text-editor.default\">\n\t\t\t\t<div class=\"elementor-widget-container\">\n\t\t\t\t\t\t\t\t\t<p>At Planum, we work across the healthcare value chain to help our clients navigate their most pressing challenges, including:<\/p>\t\t\t\t\t\t\t\t<\/div>\n\t\t\t\t<\/div>\n\t\t\t\t<div class=\"elementor-element elementor-element-709e550a elementor-widget-divider--view-line elementor-invisible elementor-widget elementor-widget-divider\" data-id=\"709e550a\" data-element_type=\"widget\" data-settings=\"{&quot;_animation&quot;:&quot;fadeInRight&quot;,&quot;_animation_delay&quot;:300}\" data-widget_type=\"divider.default\">\n\t\t\t\t<div class=\"elementor-widget-container\">\n\t\t\t\t\t\t\t<div class=\"elementor-divider\">\n\t\t\t<span class=\"elementor-divider-separator\">\n\t\t\t\t\t\t<\/span>\n\t\t<\/div>\n\t\t\t\t\t\t<\/div>\n\t\t\t\t<\/div>\n\t\t\t\t<div class=\"elementor-element elementor-element-7469d8cd elementor-widget elementor-widget-text-editor\" data-id=\"7469d8cd\" data-element_type=\"widget\" data-widget_type=\"text-editor.default\">\n\t\t\t\t<div class=\"elementor-widget-container\">\n\t\t\t\t\t\t\t\t\t<p>Accelerating R&amp;D to develop innovative therapies and diagnostics across a variety of specialties, including oncology.<\/p><p>Advancing and delivering new treatments and health care models.<\/p><p>Transforming and strengthening healthcare strategies, capabilities, and ways of working for resilience and continued growth.<\/p><p>Forging cross-industry partnerships to accelerate innovation and provide access to lifesaving treatments and care.<\/p><p>Building supply chain resilience and improving sustainability through environmental, social, and governance goals.<\/p><p>Transforming next-generation commercial models through digital, data, and analytics.<\/p><p>Enabling health systems to promote health equity for patients and society.<\/p>\t\t\t\t\t\t\t\t<\/div>\n\t\t\t\t<\/div>\n\t\t\t\t<div class=\"elementor-element elementor-element-28319f97 elementor-widget-divider--view-line elementor-invisible elementor-widget elementor-widget-divider\" data-id=\"28319f97\" data-element_type=\"widget\" data-settings=\"{&quot;_animation&quot;:&quot;fadeInRight&quot;,&quot;_animation_delay&quot;:600}\" data-widget_type=\"divider.default\">\n\t\t\t\t<div class=\"elementor-widget-container\">\n\t\t\t\t\t\t\t<div class=\"elementor-divider\">\n\t\t\t<span class=\"elementor-divider-separator\">\n\t\t\t\t\t\t<\/span>\n\t\t<\/div>\n\t\t\t\t\t\t<\/div>\n\t\t\t\t<\/div>\n\t\t\t\t\t<\/div>\n\t\t<\/div>\n\t\t\t\t\t<\/div>\n\t\t<\/section>\n\t\t\t\t\t<\/div>\n\t\t<\/div>\n\t\t\t\t\t<\/div>\n\t\t<\/section>\n\t\t\t\t<\/div>","protected":false},"excerpt":{"rendered":"<p>Los principales cambios est\u00e1n remodelando la atenci\u00f3n m\u00e9dica, incluidos los avances en la salud digital, la aparici\u00f3n de nuevas terapias y el aumento de la atenci\u00f3n personalizada y basada en el valor. Nuestros servicios para la industria del cuidado de la salud Biofarma Pagadores, proveedores, sistemas y servicios de atenci\u00f3n m\u00e9dica Dispositivos m\u00e9dicos y tecnolog\u00eda [&hellip;]<\/p>","protected":false},"author":3,"featured_media":0,"parent":0,"menu_order":0,"comment_status":"closed","ping_status":"closed","template":"elementor_header_footer","meta":{"_eb_attr":"","footnotes":""},"class_list":["post-163","page","type-page","status-publish","hentry"],"_links":{"self":[{"href":"https:\/\/planum.gt\/en\/wp-json\/wp\/v2\/pages\/163","targetHints":{"allow":["GET"]}}],"collection":[{"href":"https:\/\/planum.gt\/en\/wp-json\/wp\/v2\/pages"}],"about":[{"href":"https:\/\/planum.gt\/en\/wp-json\/wp\/v2\/types\/page"}],"author":[{"embeddable":true,"href":"https:\/\/planum.gt\/en\/wp-json\/wp\/v2\/users\/3"}],"replies":[{"embeddable":true,"href":"https:\/\/planum.gt\/en\/wp-json\/wp\/v2\/comments?post=163"}],"version-history":[{"count":16,"href":"https:\/\/planum.gt\/en\/wp-json\/wp\/v2\/pages\/163\/revisions"}],"predecessor-version":[{"id":622,"href":"https:\/\/planum.gt\/en\/wp-json\/wp\/v2\/pages\/163\/revisions\/622"}],"wp:attachment":[{"href":"https:\/\/planum.gt\/en\/wp-json\/wp\/v2\/media?parent=163"}],"curies":[{"name":"wp","href":"https:\/\/api.w.org\/{rel}","templated":true}]}}