{"id":155,"date":"2023-02-25T15:53:35","date_gmt":"2023-02-25T15:53:35","guid":{"rendered":"https:\/\/planum.gt\/?page_id=155"},"modified":"2023-02-25T23:38:26","modified_gmt":"2023-02-25T23:38:26","slug":"about","status":"publish","type":"page","link":"https:\/\/planum.gt\/en\/about\/","title":{"rendered":"About"},"content":{"rendered":"<div data-elementor-type=\"wp-page\" data-elementor-id=\"155\" class=\"elementor elementor-155\" data-elementor-post-type=\"page\">\n\t\t\t\t\t\t<section class=\"elementor-section elementor-top-section elementor-element elementor-element-2be33306 elementor-section-full_width elementor-section-height-default elementor-section-height-default\" data-id=\"2be33306\" data-element_type=\"section\" data-settings=\"{&quot;background_background&quot;:&quot;gradient&quot;}\">\n\t\t\t\t\t\t<div class=\"elementor-container elementor-column-gap-default\">\n\t\t\t\t\t<div class=\"elementor-column elementor-col-100 elementor-top-column elementor-element elementor-element-25aca175\" data-id=\"25aca175\" data-element_type=\"column\" data-settings=\"{&quot;background_background&quot;:&quot;classic&quot;}\">\n\t\t\t<div class=\"elementor-widget-wrap elementor-element-populated\">\n\t\t\t\t\t<div class=\"elementor-background-overlay\"><\/div>\n\t\t\t\t\t\t\t<\/div>\n\t\t<\/div>\n\t\t\t\t\t<\/div>\n\t\t<\/section>\n\t\t\t\t<section class=\"elementor-section elementor-top-section elementor-element elementor-element-5f63bca elementor-section-boxed elementor-section-height-default elementor-section-height-default\" data-id=\"5f63bca\" data-element_type=\"section\">\n\t\t\t\t\t\t<div class=\"elementor-container elementor-column-gap-default\">\n\t\t\t\t\t<div class=\"elementor-column elementor-col-33 elementor-top-column elementor-element elementor-element-20d32822\" data-id=\"20d32822\" data-element_type=\"column\">\n\t\t\t<div class=\"elementor-widget-wrap elementor-element-populated\">\n\t\t\t\t\t\t<div class=\"elementor-element elementor-element-70d9d51a elementor-widget elementor-widget-heading\" data-id=\"70d9d51a\" data-element_type=\"widget\" data-widget_type=\"heading.default\">\n\t\t\t\t<div class=\"elementor-widget-container\">\n\t\t\t\t\t<h2 class=\"elementor-heading-title elementor-size-default\">STRATEGIC MANAGEMENT CONSULTANTS<\/h2>\t\t\t\t<\/div>\n\t\t\t\t<\/div>\n\t\t\t\t<div class=\"elementor-element elementor-element-7ed1374f elementor-widget-divider--view-line elementor-invisible elementor-widget elementor-widget-divider\" data-id=\"7ed1374f\" data-element_type=\"widget\" data-settings=\"{&quot;_animation&quot;:&quot;fadeInLeft&quot;}\" data-widget_type=\"divider.default\">\n\t\t\t\t<div class=\"elementor-widget-container\">\n\t\t\t\t\t\t\t<div class=\"elementor-divider\">\n\t\t\t<span class=\"elementor-divider-separator\">\n\t\t\t\t\t\t<\/span>\n\t\t<\/div>\n\t\t\t\t\t\t<\/div>\n\t\t\t\t<\/div>\n\t\t\t\t<div class=\"elementor-element elementor-element-a0d1369 elementor-widget elementor-widget-image\" data-id=\"a0d1369\" data-element_type=\"widget\" data-widget_type=\"image.default\">\n\t\t\t\t<div class=\"elementor-widget-container\">\n\t\t\t\t\t\t\t\t\t\t\t\t\t\t\t<img fetchpriority=\"high\" decoding=\"async\" width=\"800\" height=\"533\" src=\"https:\/\/planum.gt\/wp-content\/uploads\/2023\/02\/young-african-american-man-consulting-his-colleague-with-paper-1024x682.jpg\" class=\"attachment-large size-large wp-image-584\" alt=\"Young African-American man consulting his colleague with paper\" srcset=\"https:\/\/planum.gt\/wp-content\/uploads\/2023\/02\/young-african-american-man-consulting-his-colleague-with-paper-1024x682.jpg 1024w, https:\/\/planum.gt\/wp-content\/uploads\/2023\/02\/young-african-american-man-consulting-his-colleague-with-paper-300x200.jpg 300w, https:\/\/planum.gt\/wp-content\/uploads\/2023\/02\/young-african-american-man-consulting-his-colleague-with-paper-768x512.jpg 768w, https:\/\/planum.gt\/wp-content\/uploads\/2023\/02\/young-african-american-man-consulting-his-colleague-with-paper-1536x1024.jpg 1536w, https:\/\/planum.gt\/wp-content\/uploads\/2023\/02\/young-african-american-man-consulting-his-colleague-with-paper-18x12.jpg 18w, https:\/\/planum.gt\/wp-content\/uploads\/2023\/02\/young-african-american-man-consulting-his-colleague-with-paper.jpg 2000w\" sizes=\"(max-width: 800px) 100vw, 800px\" \/>\t\t\t\t\t\t\t\t\t\t\t\t\t\t\t<\/div>\n\t\t\t\t<\/div>\n\t\t\t\t\t<\/div>\n\t\t<\/div>\n\t\t\t\t<div class=\"elementor-column elementor-col-66 elementor-top-column elementor-element elementor-element-6b957cb8\" data-id=\"6b957cb8\" data-element_type=\"column\">\n\t\t\t<div class=\"elementor-widget-wrap elementor-element-populated\">\n\t\t\t\t\t\t<div class=\"elementor-element elementor-element-353c93ca elementor-widget elementor-widget-text-editor\" data-id=\"353c93ca\" data-element_type=\"widget\" data-widget_type=\"text-editor.default\">\n\t\t\t\t<div class=\"elementor-widget-container\">\n\t\t\t\t\t\t\t\t\t<p>Planum's strategic management advisors seek mutually beneficial partnerships between our teams and clients with open, honest, and direct communication that underpins our approach.<\/p><p>We strive to earn the trust of our customers early on. This can provide faster and significantly better results.<\/p><p>When organizations are aligned with solutions and have a say in the entire process, their chances of sustainability increase dramatically. This proven and true approach has allowed us to become one of the top boutique management consulting firms in Guatemala.<\/p><p>Our integrated and collaborative approach has proven successful in driving change faster and delivering sustainable better value than other companies. At the end of each project, we don't just hand over the report and leave. The Planum team works diligently and methodically to implement customer recommendations and turn solutions into reality.<\/p><p>As a result of this approach, each client has developed successful relationships for years now. Companies turn to us for industry-leading strategic business management advice that delivers long-term value.<\/p>\t\t\t\t\t\t\t\t<\/div>\n\t\t\t\t<\/div>\n\t\t\t\t\t<\/div>\n\t\t<\/div>\n\t\t\t\t\t<\/div>\n\t\t<\/section>\n\t\t\t\t<\/div>","protected":false},"excerpt":{"rendered":"<p>CONSULTOR DE GESTIONES ESTRAT\u00c9GICAS Los asesores de gesti\u00f3n estrat\u00e9gica de Planum buscan asociaciones mutuamente beneficiosas entre nuestros equipos y clientes con una comunicaci\u00f3n abierta, honesta y directa que sustente nuestro enfoque. Nos esforzamos por ganarnos la confianza de nuestros clientes desde el principio. Esto puede proporcionar resultados m\u00e1s r\u00e1pidos y significativamente mejores. Cuando las organizaciones [&hellip;]<\/p>","protected":false},"author":3,"featured_media":0,"parent":0,"menu_order":0,"comment_status":"closed","ping_status":"closed","template":"elementor_header_footer","meta":{"_eb_attr":"","footnotes":""},"class_list":["post-155","page","type-page","status-publish","hentry"],"_links":{"self":[{"href":"https:\/\/planum.gt\/en\/wp-json\/wp\/v2\/pages\/155","targetHints":{"allow":["GET"]}}],"collection":[{"href":"https:\/\/planum.gt\/en\/wp-json\/wp\/v2\/pages"}],"about":[{"href":"https:\/\/planum.gt\/en\/wp-json\/wp\/v2\/types\/page"}],"author":[{"embeddable":true,"href":"https:\/\/planum.gt\/en\/wp-json\/wp\/v2\/users\/3"}],"replies":[{"embeddable":true,"href":"https:\/\/planum.gt\/en\/wp-json\/wp\/v2\/comments?post=155"}],"version-history":[{"count":13,"href":"https:\/\/planum.gt\/en\/wp-json\/wp\/v2\/pages\/155\/revisions"}],"predecessor-version":[{"id":596,"href":"https:\/\/planum.gt\/en\/wp-json\/wp\/v2\/pages\/155\/revisions\/596"}],"wp:attachment":[{"href":"https:\/\/planum.gt\/en\/wp-json\/wp\/v2\/media?parent=155"}],"curies":[{"name":"wp","href":"https:\/\/api.w.org\/{rel}","templated":true}]}}